{"id":1435,"date":"2026-05-15T20:51:18","date_gmt":"2026-05-15T20:51:18","guid":{"rendered":"https:\/\/skaparbyn.nu\/?page_id=1435"},"modified":"2026-05-15T20:53:22","modified_gmt":"2026-05-15T20:53:22","slug":"brollop-pa-skaparbyn","status":"publish","type":"page","link":"https:\/\/skaparbyn.nu\/en\/brollop-pa-skaparbyn\/","title":{"rendered":"Weddings"},"content":{"rendered":"<p><strong>En hel helg f\u00f6r er \u2013 inte bara en dag<\/strong><\/p>\n\n\n\n<p>Att gifta sig p\u00e5 Skaparbyn handlar inte om att boka en lokal.<\/p>\n\n\n\n<p>Det handlar om att samla era n\u00e4rmaste, landa i lugnet och f\u00e5 tid tillsammans \u2013 p\u00e5 riktigt.<\/p>\n\n\n\n<p>Hos oss f\u00e5r ni en hel br\u00f6llopshelg i naturen, d\u00e4r vigsel, middag och fest blir en sammanh\u00e4ngande upplevelse.<\/p>\n\n\n\n<p><strong>S\u00e4g ja till varandra \u2013 mitt i naturen<\/strong><\/p>\n\n\n\n<figure class=\"wp-block-gallery has-nested-images columns-default is-cropped wp-block-gallery-1 is-layout-flex wp-block-gallery-is-layout-flex\">\n<figure class=\"wp-block-image size-large\"><a href=\"https:\/\/skaparbyn.nu\/wp-content\/uploads\/2026\/05\/Skaparbyn-brollop1.jpg\"><img loading=\"lazy\" decoding=\"async\" width=\"428\" height=\"640\" data-id=\"1436\" src=\"https:\/\/skaparbyn.nu\/wp-content\/uploads\/2026\/05\/Skaparbyn-brollop1.jpg\" alt=\"\" class=\"wp-image-1436\" srcset=\"https:\/\/skaparbyn.nu\/wp-content\/uploads\/2026\/05\/Skaparbyn-brollop1.jpg 428w, https:\/\/skaparbyn.nu\/wp-content\/uploads\/2026\/05\/Skaparbyn-brollop1-201x300.jpg 201w, https:\/\/skaparbyn.nu\/wp-content\/uploads\/2026\/05\/Skaparbyn-brollop1-8x12.jpg 8w\" sizes=\"auto, (max-width: 428px) 100vw, 428px\" \/><\/a><\/figure>\n\n\n\n<figure class=\"wp-block-image size-large\"><a href=\"https:\/\/skaparbyn.nu\/wp-content\/uploads\/2026\/05\/Skaparbyn-brollop2.jpg\"><img loading=\"lazy\" decoding=\"async\" width=\"1024\" height=\"683\" data-id=\"1439\" src=\"https:\/\/skaparbyn.nu\/wp-content\/uploads\/2026\/05\/Skaparbyn-brollop2-1024x683.jpg\" alt=\"\" class=\"wp-image-1439\" srcset=\"https:\/\/skaparbyn.nu\/wp-content\/uploads\/2026\/05\/Skaparbyn-brollop2-1024x683.jpg 1024w, https:\/\/skaparbyn.nu\/wp-content\/uploads\/2026\/05\/Skaparbyn-brollop2-300x200.jpg 300w, https:\/\/skaparbyn.nu\/wp-content\/uploads\/2026\/05\/Skaparbyn-brollop2-768x512.jpg 768w, https:\/\/skaparbyn.nu\/wp-content\/uploads\/2026\/05\/Skaparbyn-brollop2-18x12.jpg 18w, https:\/\/skaparbyn.nu\/wp-content\/uploads\/2026\/05\/Skaparbyn-brollop2-600x400.jpg 600w, https:\/\/skaparbyn.nu\/wp-content\/uploads\/2026\/05\/Skaparbyn-brollop2-945x630.jpg 945w, https:\/\/skaparbyn.nu\/wp-content\/uploads\/2026\/05\/Skaparbyn-brollop2.jpg 1290w\" sizes=\"auto, (max-width: 1024px) 100vw, 1024px\" \/><\/a><\/figure>\n\n\n\n<figure class=\"wp-block-image size-large\"><a href=\"https:\/\/skaparbyn.nu\/wp-content\/uploads\/2026\/05\/Skaparbyn-brollop3.jpg\"><img loading=\"lazy\" decoding=\"async\" width=\"1024\" height=\"682\" data-id=\"1438\" src=\"https:\/\/skaparbyn.nu\/wp-content\/uploads\/2026\/05\/Skaparbyn-brollop3-1024x682.jpg\" alt=\"\" class=\"wp-image-1438\" srcset=\"https:\/\/skaparbyn.nu\/wp-content\/uploads\/2026\/05\/Skaparbyn-brollop3-1024x682.jpg 1024w, https:\/\/skaparbyn.nu\/wp-content\/uploads\/2026\/05\/Skaparbyn-brollop3-300x200.jpg 300w, https:\/\/skaparbyn.nu\/wp-content\/uploads\/2026\/05\/Skaparbyn-brollop3-768x512.jpg 768w, https:\/\/skaparbyn.nu\/wp-content\/uploads\/2026\/05\/Skaparbyn-brollop3-18x12.jpg 18w, https:\/\/skaparbyn.nu\/wp-content\/uploads\/2026\/05\/Skaparbyn-brollop3-600x400.jpg 600w, https:\/\/skaparbyn.nu\/wp-content\/uploads\/2026\/05\/Skaparbyn-brollop3-945x630.jpg 945w, https:\/\/skaparbyn.nu\/wp-content\/uploads\/2026\/05\/Skaparbyn-brollop3.jpg 1280w\" sizes=\"auto, (max-width: 1024px) 100vw, 1024px\" \/><\/a><\/figure>\n\n\n\n<figure class=\"wp-block-image size-large\"><a href=\"https:\/\/skaparbyn.nu\/wp-content\/uploads\/2026\/05\/Skaparbyn-brollop4.jpg\"><img loading=\"lazy\" decoding=\"async\" width=\"700\" height=\"466\" data-id=\"1437\" src=\"https:\/\/skaparbyn.nu\/wp-content\/uploads\/2026\/05\/Skaparbyn-brollop4.jpg\" alt=\"\" class=\"wp-image-1437\" srcset=\"https:\/\/skaparbyn.nu\/wp-content\/uploads\/2026\/05\/Skaparbyn-brollop4.jpg 700w, https:\/\/skaparbyn.nu\/wp-content\/uploads\/2026\/05\/Skaparbyn-brollop4-300x200.jpg 300w, https:\/\/skaparbyn.nu\/wp-content\/uploads\/2026\/05\/Skaparbyn-brollop4-18x12.jpg 18w, https:\/\/skaparbyn.nu\/wp-content\/uploads\/2026\/05\/Skaparbyn-brollop4-600x399.jpg 600w\" sizes=\"auto, (max-width: 700px) 100vw, 700px\" \/><\/a><\/figure>\n\n\n\n<figure class=\"wp-block-image size-large\"><a href=\"https:\/\/skaparbyn.nu\/wp-content\/uploads\/2026\/05\/Skaparbyn-brollop5.jpg\"><img loading=\"lazy\" decoding=\"async\" width=\"1024\" height=\"768\" data-id=\"1441\" src=\"https:\/\/skaparbyn.nu\/wp-content\/uploads\/2026\/05\/Skaparbyn-brollop5-1024x768.jpg\" alt=\"\" class=\"wp-image-1441\" srcset=\"https:\/\/skaparbyn.nu\/wp-content\/uploads\/2026\/05\/Skaparbyn-brollop5-1024x768.jpg 1024w, https:\/\/skaparbyn.nu\/wp-content\/uploads\/2026\/05\/Skaparbyn-brollop5-300x225.jpg 300w, https:\/\/skaparbyn.nu\/wp-content\/uploads\/2026\/05\/Skaparbyn-brollop5-768x576.jpg 768w, https:\/\/skaparbyn.nu\/wp-content\/uploads\/2026\/05\/Skaparbyn-brollop5-16x12.jpg 16w, https:\/\/skaparbyn.nu\/wp-content\/uploads\/2026\/05\/Skaparbyn-brollop5-600x450.jpg 600w, https:\/\/skaparbyn.nu\/wp-content\/uploads\/2026\/05\/Skaparbyn-brollop5-945x709.jpg 945w, https:\/\/skaparbyn.nu\/wp-content\/uploads\/2026\/05\/Skaparbyn-brollop5.jpg 1147w\" sizes=\"auto, (max-width: 1024px) 100vw, 1024px\" \/><\/a><\/figure>\n\n\n\n<figure class=\"wp-block-image size-large\"><a href=\"https:\/\/skaparbyn.nu\/wp-content\/uploads\/2026\/05\/Skaparbyn-brollop6.jpg\"><img loading=\"lazy\" decoding=\"async\" width=\"1024\" height=\"576\" data-id=\"1440\" src=\"https:\/\/skaparbyn.nu\/wp-content\/uploads\/2026\/05\/Skaparbyn-brollop6-1024x576.jpg\" alt=\"\" class=\"wp-image-1440\" srcset=\"https:\/\/skaparbyn.nu\/wp-content\/uploads\/2026\/05\/Skaparbyn-brollop6-1024x576.jpg 1024w, https:\/\/skaparbyn.nu\/wp-content\/uploads\/2026\/05\/Skaparbyn-brollop6-300x169.jpg 300w, https:\/\/skaparbyn.nu\/wp-content\/uploads\/2026\/05\/Skaparbyn-brollop6-768x432.jpg 768w, https:\/\/skaparbyn.nu\/wp-content\/uploads\/2026\/05\/Skaparbyn-brollop6-1536x864.jpg 1536w, https:\/\/skaparbyn.nu\/wp-content\/uploads\/2026\/05\/Skaparbyn-brollop6-18x10.jpg 18w, https:\/\/skaparbyn.nu\/wp-content\/uploads\/2026\/05\/Skaparbyn-brollop6-600x338.jpg 600w, https:\/\/skaparbyn.nu\/wp-content\/uploads\/2026\/05\/Skaparbyn-brollop6-945x532.jpg 945w, https:\/\/skaparbyn.nu\/wp-content\/uploads\/2026\/05\/Skaparbyn-brollop6.jpg 1920w\" sizes=\"auto, (max-width: 1024px) 100vw, 1024px\" \/><\/a><\/figure>\n<\/figure>\n\n\n\n<p>F\u00f6rest\u00e4ll er att st\u00e5 vid vattnet n\u00e4r solen b\u00f6rjar g\u00e5 ner. Skogen runt er. Stillheten. Era n\u00e4rmaste samlade.<\/p>\n\n\n\n<p>Det h\u00e4r \u00e4r inte ett stressigt schema p\u00e5 n\u00e5gra timmar \u2013 det \u00e4r en hel helg d\u00e4r ni hinner vara n\u00e4rvarande.<\/p>\n\n\n\n<p><strong>Ett br\u00f6llop d\u00e4r alla f\u00e5r plats \u2013 och kan stanna<\/strong><\/p>\n\n\n\n<p>Hos oss bor ni tillsammans.<\/p>\n\n\n\n<ul class=\"wp-block-list\">\n<li>Upp till 25 sovplatser<\/li>\n\n\n\n<li>Gemensamma ytor f\u00f6r middagar och umg\u00e4nge<\/li>\n\n\n\n<li>En egen glampingstuga med hotellstandard f\u00f6r brudparet<\/li>\n<\/ul>\n\n\n\n<p>Det g\u00f6r n\u00e5got med st\u00e4mningen n\u00e4r ingen beh\u00f6ver \u00e5ka hem.<\/p>\n\n\n\n<p><strong>Fr\u00e5n middag till fest \u2013 utan att byta plats<\/strong><\/p>\n\n\n\n<figure class=\"wp-block-gallery has-nested-images columns-default is-cropped wp-block-gallery-2 is-layout-flex wp-block-gallery-is-layout-flex\">\n<figure class=\"wp-block-image size-large\"><a href=\"https:\/\/skaparbyn.nu\/wp-content\/uploads\/2026\/05\/Skaparbyn-brollop7.jpg\"><img loading=\"lazy\" decoding=\"async\" width=\"683\" height=\"1024\" data-id=\"1444\" src=\"https:\/\/skaparbyn.nu\/wp-content\/uploads\/2026\/05\/Skaparbyn-brollop7-683x1024.jpg\" alt=\"\" class=\"wp-image-1444\" srcset=\"https:\/\/skaparbyn.nu\/wp-content\/uploads\/2026\/05\/Skaparbyn-brollop7-683x1024.jpg 683w, https:\/\/skaparbyn.nu\/wp-content\/uploads\/2026\/05\/Skaparbyn-brollop7-200x300.jpg 200w, https:\/\/skaparbyn.nu\/wp-content\/uploads\/2026\/05\/Skaparbyn-brollop7-768x1152.jpg 768w, https:\/\/skaparbyn.nu\/wp-content\/uploads\/2026\/05\/Skaparbyn-brollop7-1024x1536.jpg 1024w, https:\/\/skaparbyn.nu\/wp-content\/uploads\/2026\/05\/Skaparbyn-brollop7-8x12.jpg 8w, https:\/\/skaparbyn.nu\/wp-content\/uploads\/2026\/05\/Skaparbyn-brollop7-600x900.jpg 600w, https:\/\/skaparbyn.nu\/wp-content\/uploads\/2026\/05\/Skaparbyn-brollop7-945x1418.jpg 945w, https:\/\/skaparbyn.nu\/wp-content\/uploads\/2026\/05\/Skaparbyn-brollop7.jpg 1056w\" sizes=\"auto, (max-width: 683px) 100vw, 683px\" \/><\/a><\/figure>\n\n\n\n<figure class=\"wp-block-image size-large\"><a href=\"https:\/\/skaparbyn.nu\/wp-content\/uploads\/2026\/05\/Skaparbyn-brollop8.jpg\"><img loading=\"lazy\" decoding=\"async\" width=\"683\" height=\"1024\" data-id=\"1443\" src=\"https:\/\/skaparbyn.nu\/wp-content\/uploads\/2026\/05\/Skaparbyn-brollop8-683x1024.jpg\" alt=\"\" class=\"wp-image-1443\" srcset=\"https:\/\/skaparbyn.nu\/wp-content\/uploads\/2026\/05\/Skaparbyn-brollop8-683x1024.jpg 683w, https:\/\/skaparbyn.nu\/wp-content\/uploads\/2026\/05\/Skaparbyn-brollop8-200x300.jpg 200w, https:\/\/skaparbyn.nu\/wp-content\/uploads\/2026\/05\/Skaparbyn-brollop8-8x12.jpg 8w, https:\/\/skaparbyn.nu\/wp-content\/uploads\/2026\/05\/Skaparbyn-brollop8-600x900.jpg 600w, https:\/\/skaparbyn.nu\/wp-content\/uploads\/2026\/05\/Skaparbyn-brollop8.jpg 700w\" sizes=\"auto, (max-width: 683px) 100vw, 683px\" \/><\/a><\/figure>\n\n\n\n<figure class=\"wp-block-image size-large\"><a href=\"https:\/\/skaparbyn.nu\/wp-content\/uploads\/2026\/05\/Skaparbyn-brollop9.jpg\"><img loading=\"lazy\" decoding=\"async\" width=\"1024\" height=\"683\" data-id=\"1445\" src=\"https:\/\/skaparbyn.nu\/wp-content\/uploads\/2026\/05\/Skaparbyn-brollop9-1024x683.jpg\" alt=\"\" class=\"wp-image-1445\" srcset=\"https:\/\/skaparbyn.nu\/wp-content\/uploads\/2026\/05\/Skaparbyn-brollop9-1024x683.jpg 1024w, https:\/\/skaparbyn.nu\/wp-content\/uploads\/2026\/05\/Skaparbyn-brollop9-300x200.jpg 300w, https:\/\/skaparbyn.nu\/wp-content\/uploads\/2026\/05\/Skaparbyn-brollop9-768x512.jpg 768w, https:\/\/skaparbyn.nu\/wp-content\/uploads\/2026\/05\/Skaparbyn-brollop9-18x12.jpg 18w, https:\/\/skaparbyn.nu\/wp-content\/uploads\/2026\/05\/Skaparbyn-brollop9-600x400.jpg 600w, https:\/\/skaparbyn.nu\/wp-content\/uploads\/2026\/05\/Skaparbyn-brollop9-945x631.jpg 945w, https:\/\/skaparbyn.nu\/wp-content\/uploads\/2026\/05\/Skaparbyn-brollop9.jpg 1154w\" sizes=\"auto, (max-width: 1024px) 100vw, 1024px\" \/><\/a><\/figure>\n\n\n\n<figure class=\"wp-block-image size-large\"><a href=\"https:\/\/skaparbyn.nu\/wp-content\/uploads\/2026\/05\/Skaparbyn-brollop10.jpg\"><img loading=\"lazy\" decoding=\"async\" width=\"640\" height=\"427\" data-id=\"1442\" src=\"https:\/\/skaparbyn.nu\/wp-content\/uploads\/2026\/05\/Skaparbyn-brollop10.jpg\" alt=\"\" class=\"wp-image-1442\" srcset=\"https:\/\/skaparbyn.nu\/wp-content\/uploads\/2026\/05\/Skaparbyn-brollop10.jpg 640w, https:\/\/skaparbyn.nu\/wp-content\/uploads\/2026\/05\/Skaparbyn-brollop10-300x200.jpg 300w, https:\/\/skaparbyn.nu\/wp-content\/uploads\/2026\/05\/Skaparbyn-brollop10-18x12.jpg 18w, https:\/\/skaparbyn.nu\/wp-content\/uploads\/2026\/05\/Skaparbyn-brollop10-600x400.jpg 600w\" sizes=\"auto, (max-width: 640px) 100vw, 640px\" \/><\/a><\/figure>\n<\/figure>\n\n\n\n<p>Ni slipper transporter, logistikstress och avbrott.<\/p>\n\n\n\n<ul class=\"wp-block-list\">\n<li>Vigsel p\u00e5 plats<\/li>\n\n\n\n<li>Middag i er egen takt (buff\u00e9 eller trer\u00e4tters)<\/li>\n\n\n\n<li>Festen forts\u00e4tter s\u00e5 l\u00e4nge ni vill<\/li>\n<\/ul>\n\n\n\n<p>Allt sker i samma milj\u00f6 \u2013 vilket g\u00f6r upplevelsen mer sammanh\u00e4ngande och avslappnad.<\/p>\n\n\n\n<p><strong>Vi hj\u00e4lper er skapa helheten<\/strong><\/p>\n\n\n\n<p>Ni st\u00e5r inte ensamma i planeringen.<\/p>\n\n\n\n<p>Vi kan hj\u00e4lpa till med:<\/p>\n\n\n\n<ul class=\"wp-block-list\">\n<li>Catering (trer\u00e4tters eller buff\u00e9)<\/li>\n\n\n\n<li>Dukning och uppl\u00e4gg<\/li>\n\n\n\n<li>S\u00e5ng och musik till ceremonin<\/li>\n<\/ul>\n\n\n\n<p>Ni v\u00e4ljer hur mycket ni vill g\u00f6ra sj\u00e4lva \u2013 och vad ni vill l\u00e4mna \u00f6ver.<\/p>\n\n\n\n<p><strong>Ett f\u00e5tal br\u00f6llop per \u00e5r<\/strong><\/p>\n\n\n\n<p>Vi tar endast emot ett begr\u00e4nsat antal br\u00f6llop varje s\u00e4song.<\/p>\n\n\n\n<p>Det g\u00f6r att varje br\u00f6llop f\u00e5r fullt fokus.<\/p>\n\n\n\n<p>Vi har stor erfarenhet av att arrangera:<\/p>\n\n\n\n<ul class=\"wp-block-list\">\n<li>Retreats<\/li>\n\n\n\n<li>Konfirmationsl\u00e4ger<\/li>\n\n\n\n<li>St\u00f6rre s\u00e4llskap \u00f6ver flera dagar<\/li>\n<\/ul>\n\n\n\n<p>Ett br\u00f6llop hos oss bygger p\u00e5 samma grund \u2013 men med er personliga pr\u00e4gel.<\/p>\n\n\n\n<p><strong>Pris \u2013 br\u00f6llopshelg<\/strong><\/p>\n\n\n\n<p><strong>Fr\u00e5n 59 000 kr<\/strong><\/p>\n\n\n\n<p>Detta ing\u00e5r:<\/p>\n\n\n\n<ul class=\"wp-block-list\">\n<li>Tillg\u00e5ng fredag\u2013s\u00f6ndag<\/li>\n\n\n\n<li>Boende f\u00f6r upp till 25 personer<\/li>\n\n\n\n<li>Brudsvit (glampingstuga med hotellstandard)<\/li>\n\n\n\n<li>Tillg\u00e5ng till hela omr\u00e5det<\/li>\n<\/ul>\n\n\n\n<p>Till\u00e4gg:<\/p>\n\n\n\n<ul class=\"wp-block-list\">\n<li>Catering<\/li>\n\n\n\n<li>St\u00e4dning<\/li>\n\n\n\n<li>Bastu, kanoter och b\u00e5tar<\/li>\n<\/ul>\n\n\n\n<p><strong>F\u00f6r er som vill ha n\u00e5got mer \u00e4n ett \u201cvanligt\u201d br\u00f6llop<\/strong><\/p>\n\n\n\n<figure class=\"wp-block-image size-large\"><a href=\"https:\/\/skaparbyn.nu\/wp-content\/uploads\/2026\/05\/Skaparbyn-brollop11-scaled.jpg\"><img loading=\"lazy\" decoding=\"async\" width=\"1024\" height=\"1024\" src=\"https:\/\/skaparbyn.nu\/wp-content\/uploads\/2026\/05\/Skaparbyn-brollop11-1024x1024.jpg\" alt=\"\" class=\"wp-image-1446\" srcset=\"https:\/\/skaparbyn.nu\/wp-content\/uploads\/2026\/05\/Skaparbyn-brollop11-1024x1024.jpg 1024w, https:\/\/skaparbyn.nu\/wp-content\/uploads\/2026\/05\/Skaparbyn-brollop11-300x300.jpg 300w, https:\/\/skaparbyn.nu\/wp-content\/uploads\/2026\/05\/Skaparbyn-brollop11-150x150.jpg 150w, https:\/\/skaparbyn.nu\/wp-content\/uploads\/2026\/05\/Skaparbyn-brollop11-768x768.jpg 768w, https:\/\/skaparbyn.nu\/wp-content\/uploads\/2026\/05\/Skaparbyn-brollop11-1536x1536.jpg 1536w, https:\/\/skaparbyn.nu\/wp-content\/uploads\/2026\/05\/Skaparbyn-brollop11-2048x2048.jpg 2048w, https:\/\/skaparbyn.nu\/wp-content\/uploads\/2026\/05\/Skaparbyn-brollop11-12x12.jpg 12w, https:\/\/skaparbyn.nu\/wp-content\/uploads\/2026\/05\/Skaparbyn-brollop11-600x600.jpg 600w, https:\/\/skaparbyn.nu\/wp-content\/uploads\/2026\/05\/Skaparbyn-brollop11-945x945.jpg 945w\" sizes=\"auto, (max-width: 1024px) 100vw, 1024px\" \/><\/a><\/figure>\n\n\n\n<p>Det h\u00e4r passar er som:<\/p>\n\n\n\n<ul class=\"wp-block-list\">\n<li>Vill ha ett intimt och personligt br\u00f6llop<\/li>\n\n\n\n<li>Vill umg\u00e5s med g\u00e4sterna mer \u00e4n bara n\u00e5gra timmar<\/li>\n\n\n\n<li>S\u00f6ker en plats som k\u00e4nns \u00e4kta \u2013 inte opersonlig<\/li>\n<\/ul>\n\n\n\n<p><strong>Boka visning eller skicka f\u00f6rfr\u00e5gan<\/strong><\/p>\n\n\n\n<p>De mest attraktiva helgerna bokas snabbt.<\/p>\n\n\n\n<p>\ud83d\udc49 Skicka en f\u00f6rfr\u00e5gan redan idag f\u00f6r att se om ert datum \u00e4r tillg\u00e4ngligt.<\/p>\n\n\n\n<p><\/p>\n\n\n\n<p><\/p>","protected":false},"excerpt":{"rendered":"<p>En hel helg f\u00f6r er \u2013 inte bara en dag Att gifta sig p\u00e5 Skaparbyn handlar inte om att boka en lokal. Det handlar om att samla era n\u00e4rmaste, landa i lugnet och f\u00e5 tid tillsammans \u2013 p\u00e5 riktigt. Hos&#8230; <a class=\"more-link\" href=\"https:\/\/skaparbyn.nu\/en\/brollop-pa-skaparbyn\/\">Continue Reading &rarr;<\/a><\/p>","protected":false},"author":1,"featured_media":0,"parent":0,"menu_order":0,"comment_status":"closed","ping_status":"closed","template":"","meta":{"footnotes":""},"class_list":["post-1435","page","type-page","status-publish","hentry"],"_links":{"self":[{"href":"https:\/\/skaparbyn.nu\/en\/wp-json\/wp\/v2\/pages\/1435","targetHints":{"allow":["GET"]}}],"collection":[{"href":"https:\/\/skaparbyn.nu\/en\/wp-json\/wp\/v2\/pages"}],"about":[{"href":"https:\/\/skaparbyn.nu\/en\/wp-json\/wp\/v2\/types\/page"}],"author":[{"embeddable":true,"href":"https:\/\/skaparbyn.nu\/en\/wp-json\/wp\/v2\/users\/1"}],"replies":[{"embeddable":true,"href":"https:\/\/skaparbyn.nu\/en\/wp-json\/wp\/v2\/comments?post=1435"}],"version-history":[{"count":3,"href":"https:\/\/skaparbyn.nu\/en\/wp-json\/wp\/v2\/pages\/1435\/revisions"}],"predecessor-version":[{"id":1457,"href":"https:\/\/skaparbyn.nu\/en\/wp-json\/wp\/v2\/pages\/1435\/revisions\/1457"}],"wp:attachment":[{"href":"https:\/\/skaparbyn.nu\/en\/wp-json\/wp\/v2\/media?parent=1435"}],"curies":[{"name":"wp","href":"https:\/\/api.w.org\/{rel}","templated":true}]}}