{"id":147,"date":"2020-07-06T07:26:20","date_gmt":"2020-07-06T07:26:20","guid":{"rendered":"http:\/\/skaparbyn.nu\/?page_id=147"},"modified":"2026-02-19T18:38:56","modified_gmt":"2026-02-19T18:38:56","slug":"evenemang","status":"publish","type":"page","link":"https:\/\/skaparbyn.nu\/en\/evenemang\/","title":{"rendered":"Activities"},"content":{"rendered":"<p><strong>Kurs i keramik och kreativt skapande<\/strong><\/p>\n\n\n\n<figure class=\"wp-block-gallery has-nested-images columns-default is-cropped wp-block-gallery-1 is-layout-flex wp-block-gallery-is-layout-flex\">\n<figure class=\"wp-block-image size-large\"><a href=\"https:\/\/skaparbyn.nu\/wp-content\/uploads\/2026\/02\/Collage-of-Scandinavian-Lakeside-Activities_ny-1.png\"><img loading=\"lazy\" decoding=\"async\" width=\"683\" height=\"1024\" data-id=\"1417\" src=\"https:\/\/skaparbyn.nu\/wp-content\/uploads\/2026\/02\/Collage-of-Scandinavian-Lakeside-Activities_ny-1-683x1024.png\" alt=\"\" class=\"wp-image-1417\" srcset=\"https:\/\/skaparbyn.nu\/wp-content\/uploads\/2026\/02\/Collage-of-Scandinavian-Lakeside-Activities_ny-1-683x1024.png 683w, https:\/\/skaparbyn.nu\/wp-content\/uploads\/2026\/02\/Collage-of-Scandinavian-Lakeside-Activities_ny-1-200x300.png 200w, https:\/\/skaparbyn.nu\/wp-content\/uploads\/2026\/02\/Collage-of-Scandinavian-Lakeside-Activities_ny-1-768x1152.png 768w, https:\/\/skaparbyn.nu\/wp-content\/uploads\/2026\/02\/Collage-of-Scandinavian-Lakeside-Activities_ny-1-8x12.png 8w, https:\/\/skaparbyn.nu\/wp-content\/uploads\/2026\/02\/Collage-of-Scandinavian-Lakeside-Activities_ny-1-600x900.png 600w, https:\/\/skaparbyn.nu\/wp-content\/uploads\/2026\/02\/Collage-of-Scandinavian-Lakeside-Activities_ny-1-945x1418.png 945w, https:\/\/skaparbyn.nu\/wp-content\/uploads\/2026\/02\/Collage-of-Scandinavian-Lakeside-Activities_ny-1.png 1024w\" sizes=\"auto, (max-width: 683px) 100vw, 683px\" \/><\/a><\/figure>\n<\/figure>\n\n\n\n<figure class=\"wp-block-image size-large\"><a href=\"https:\/\/skaparbyn.nu\/wp-content\/uploads\/2026\/02\/Musiklager-1.jpg\"><img loading=\"lazy\" decoding=\"async\" width=\"1024\" height=\"724\" src=\"https:\/\/skaparbyn.nu\/wp-content\/uploads\/2026\/02\/Musiklager-1-1024x724.jpg\" alt=\"\" class=\"wp-image-1421\" srcset=\"https:\/\/skaparbyn.nu\/wp-content\/uploads\/2026\/02\/Musiklager-1-1024x724.jpg 1024w, https:\/\/skaparbyn.nu\/wp-content\/uploads\/2026\/02\/Musiklager-1-300x212.jpg 300w, https:\/\/skaparbyn.nu\/wp-content\/uploads\/2026\/02\/Musiklager-1-768x543.jpg 768w, https:\/\/skaparbyn.nu\/wp-content\/uploads\/2026\/02\/Musiklager-1-1536x1086.jpg 1536w, https:\/\/skaparbyn.nu\/wp-content\/uploads\/2026\/02\/Musiklager-1-18x12.jpg 18w, https:\/\/skaparbyn.nu\/wp-content\/uploads\/2026\/02\/Musiklager-1-600x424.jpg 600w, https:\/\/skaparbyn.nu\/wp-content\/uploads\/2026\/02\/Musiklager-1-945x668.jpg 945w, https:\/\/skaparbyn.nu\/wp-content\/uploads\/2026\/02\/Musiklager-1.jpg 2000w\" sizes=\"auto, (max-width: 1024px) 100vw, 1024px\" \/><\/a><\/figure>\n\n\n\n<p>Bilderna \u00e4r fr\u00e5n aktiviteter som har varit.<\/p>\n\n\n\n<div class=\"wp-block-group\"><div class=\"wp-block-group__inner-container is-layout-flow wp-block-group-is-layout-flow\">\n<figure class=\"wp-block-gallery has-nested-images columns-default is-cropped wp-block-gallery-2 is-layout-flex wp-block-gallery-is-layout-flex\">\n<figure class=\"wp-block-image size-large\"><a href=\"http:\/\/skaparbyn.nu\/wp-content\/uploads\/2021\/10\/Konsert.jpg\"><img loading=\"lazy\" decoding=\"async\" width=\"720\" height=\"960\" data-id=\"327\" src=\"http:\/\/skaparbyn.nu\/wp-content\/uploads\/2021\/10\/Konsert.jpg\" alt=\"\" class=\"wp-image-327\" srcset=\"https:\/\/skaparbyn.nu\/wp-content\/uploads\/2021\/10\/Konsert.jpg 720w, https:\/\/skaparbyn.nu\/wp-content\/uploads\/2021\/10\/Konsert-225x300.jpg 225w, https:\/\/skaparbyn.nu\/wp-content\/uploads\/2021\/10\/Konsert-600x800.jpg 600w\" sizes=\"auto, (max-width: 720px) 100vw, 720px\" \/><\/a><\/figure>\n\n\n\n<figure class=\"wp-block-image size-large\"><a href=\"http:\/\/skaparbyn.nu\/wp-content\/uploads\/2021\/10\/Bat-i-solnedgang.jpg\"><img loading=\"lazy\" decoding=\"async\" width=\"720\" height=\"960\" data-id=\"328\" src=\"http:\/\/skaparbyn.nu\/wp-content\/uploads\/2021\/10\/Bat-i-solnedgang.jpg\" alt=\"\" class=\"wp-image-328\" srcset=\"https:\/\/skaparbyn.nu\/wp-content\/uploads\/2021\/10\/Bat-i-solnedgang.jpg 720w, https:\/\/skaparbyn.nu\/wp-content\/uploads\/2021\/10\/Bat-i-solnedgang-225x300.jpg 225w, https:\/\/skaparbyn.nu\/wp-content\/uploads\/2021\/10\/Bat-i-solnedgang-600x800.jpg 600w\" sizes=\"auto, (max-width: 720px) 100vw, 720px\" \/><\/a><\/figure>\n\n\n\n<figure class=\"wp-block-image size-large\"><a href=\"http:\/\/skaparbyn.nu\/wp-content\/uploads\/2021\/10\/Kanot.jpg\"><img loading=\"lazy\" decoding=\"async\" width=\"720\" height=\"960\" data-id=\"329\" src=\"http:\/\/skaparbyn.nu\/wp-content\/uploads\/2021\/10\/Kanot.jpg\" alt=\"\" class=\"wp-image-329\" srcset=\"https:\/\/skaparbyn.nu\/wp-content\/uploads\/2021\/10\/Kanot.jpg 720w, https:\/\/skaparbyn.nu\/wp-content\/uploads\/2021\/10\/Kanot-225x300.jpg 225w, https:\/\/skaparbyn.nu\/wp-content\/uploads\/2021\/10\/Kanot-600x800.jpg 600w\" sizes=\"auto, (max-width: 720px) 100vw, 720px\" \/><\/a><\/figure>\n\n\n\n<figure class=\"wp-block-image size-large\"><a href=\"http:\/\/skaparbyn.nu\/wp-content\/uploads\/2021\/10\/Djur2.jpg\"><img loading=\"lazy\" decoding=\"async\" width=\"720\" height=\"960\" data-id=\"330\" src=\"http:\/\/skaparbyn.nu\/wp-content\/uploads\/2021\/10\/Djur2.jpg\" alt=\"\" class=\"wp-image-330\" srcset=\"https:\/\/skaparbyn.nu\/wp-content\/uploads\/2021\/10\/Djur2.jpg 720w, https:\/\/skaparbyn.nu\/wp-content\/uploads\/2021\/10\/Djur2-225x300.jpg 225w, https:\/\/skaparbyn.nu\/wp-content\/uploads\/2021\/10\/Djur2-600x800.jpg 600w\" sizes=\"auto, (max-width: 720px) 100vw, 720px\" \/><\/a><\/figure>\n\n\n\n<figure class=\"wp-block-image size-large\"><a href=\"http:\/\/skaparbyn.nu\/wp-content\/uploads\/2021\/10\/Djur.jpg\"><img loading=\"lazy\" decoding=\"async\" width=\"960\" height=\"720\" data-id=\"331\" src=\"http:\/\/skaparbyn.nu\/wp-content\/uploads\/2021\/10\/Djur.jpg\" alt=\"\" class=\"wp-image-331\" srcset=\"https:\/\/skaparbyn.nu\/wp-content\/uploads\/2021\/10\/Djur.jpg 960w, https:\/\/skaparbyn.nu\/wp-content\/uploads\/2021\/10\/Djur-300x225.jpg 300w, https:\/\/skaparbyn.nu\/wp-content\/uploads\/2021\/10\/Djur-768x576.jpg 768w, https:\/\/skaparbyn.nu\/wp-content\/uploads\/2021\/10\/Djur-600x450.jpg 600w, https:\/\/skaparbyn.nu\/wp-content\/uploads\/2021\/10\/Djur-945x709.jpg 945w\" sizes=\"auto, (max-width: 960px) 100vw, 960px\" \/><\/a><\/figure>\n\n\n\n<figure class=\"wp-block-image size-large\"><a href=\"http:\/\/skaparbyn.nu\/wp-content\/uploads\/2021\/10\/Bad.jpg\"><img loading=\"lazy\" decoding=\"async\" width=\"480\" height=\"640\" data-id=\"332\" src=\"http:\/\/skaparbyn.nu\/wp-content\/uploads\/2021\/10\/Bad.jpg\" alt=\"\" class=\"wp-image-332\" srcset=\"https:\/\/skaparbyn.nu\/wp-content\/uploads\/2021\/10\/Bad.jpg 480w, https:\/\/skaparbyn.nu\/wp-content\/uploads\/2021\/10\/Bad-225x300.jpg 225w\" sizes=\"auto, (max-width: 480px) 100vw, 480px\" \/><\/a><\/figure>\n<\/figure>\n<\/div><\/div>\n\n\n\n<p><strong>Bokning och information<\/strong><\/p>\n\n\n\n<p>F\u00f6r bokning v\u00e4nligen ring\/kontakta:<\/p>\n\n\n\n<p>info@skaparbyn.nu<\/p>\n\n\n\n<p><strong>Betalning och GDPR<\/strong><\/p>\n\n\n\n<p>Avgifter inbetalas via Swish till F\u00f6reningen Hedesundav\u00e4varna:<\/p>\n\n\n\n<p>123 158 1685.<\/p>\n\n\n\n<p>Vi hanterar era personuppgifter enligt GDPR.<\/p>","protected":false},"excerpt":{"rendered":"<p>Kurs i keramik och kreativt skapande Bilderna \u00e4r fr\u00e5n aktiviteter som har varit. Bokning och information F\u00f6r bokning v\u00e4nligen ring\/kontakta: info@skaparbyn.nu Betalning och GDPR Avgifter inbetalas via Swish till F\u00f6reningen Hedesundav\u00e4varna: 123 158 1685. Vi hanterar era personuppgifter enligt GDPR.<\/p>","protected":false},"author":1,"featured_media":0,"parent":0,"menu_order":4,"comment_status":"closed","ping_status":"closed","template":"","meta":{"footnotes":""},"class_list":["post-147","page","type-page","status-publish","hentry"],"_links":{"self":[{"href":"https:\/\/skaparbyn.nu\/en\/wp-json\/wp\/v2\/pages\/147","targetHints":{"allow":["GET"]}}],"collection":[{"href":"https:\/\/skaparbyn.nu\/en\/wp-json\/wp\/v2\/pages"}],"about":[{"href":"https:\/\/skaparbyn.nu\/en\/wp-json\/wp\/v2\/types\/page"}],"author":[{"embeddable":true,"href":"https:\/\/skaparbyn.nu\/en\/wp-json\/wp\/v2\/users\/1"}],"replies":[{"embeddable":true,"href":"https:\/\/skaparbyn.nu\/en\/wp-json\/wp\/v2\/comments?post=147"}],"version-history":[{"count":50,"href":"https:\/\/skaparbyn.nu\/en\/wp-json\/wp\/v2\/pages\/147\/revisions"}],"predecessor-version":[{"id":1422,"href":"https:\/\/skaparbyn.nu\/en\/wp-json\/wp\/v2\/pages\/147\/revisions\/1422"}],"wp:attachment":[{"href":"https:\/\/skaparbyn.nu\/en\/wp-json\/wp\/v2\/media?parent=147"}],"curies":[{"name":"wp","href":"https:\/\/api.w.org\/{rel}","templated":true}]}}