{"id":61,"date":"2020-01-16T14:14:59","date_gmt":"2020-01-16T14:14:59","guid":{"rendered":"http:\/\/skaparbyn.nu\/?page_id=61"},"modified":"2026-02-02T06:46:34","modified_gmt":"2026-02-02T06:46:34","slug":"stod-skaparbyn","status":"publish","type":"page","link":"https:\/\/skaparbyn.nu\/en\/stod-skaparbyn\/","title":{"rendered":"Support Skaparbyn"},"content":{"rendered":"<h2 class=\"wp-block-heading\">\ud83d\udc9b St\u00f6d Skaparbyn<\/h2>\n\n\n\n<p>Vill du vara med och bidra till Skaparbyns fortsatta utveckling?<br>Du kan enkelt st\u00f6dja v\u00e5r verksamhet genom Swish eller postgiro.<\/p>\n\n\n\n<p><strong>Swish:<\/strong> 123 158 1685<br><strong>Postgiro:<\/strong> 22 94 66-8<\/p>\n\n\n\n<hr class=\"wp-block-separator has-alpha-channel-opacity\"\/>\n\n\n\n<h2 class=\"wp-block-heading\">\ud83c\udf3f Bli medlem i F\u00f6reningen Skaparbyn<\/h2>\n\n\n\n<p>Som medlem st\u00f6djer du v\u00e5r estetisk-pedagogiska verksamhet och f\u00e5r m\u00f6jlighet att ta del av hela v\u00e5rt programutbud. Ditt medlemskap g\u00f6r verklig skillnad.<\/p>\n\n\n\n<h3 class=\"wp-block-heading\"><strong>Medlemsavgifter<\/strong><\/h3>\n\n\n\n<ul class=\"wp-block-list\">\n<li><strong>200 kr per person<\/strong><\/li>\n\n\n\n<li><strong>50 kr f\u00f6r dig under 26 \u00e5r<\/strong><\/li>\n<\/ul>\n\n\n\n<p><strong>Betala till:<\/strong><br>Postgiro: 22 94 66-8<\/p>\n\n\n\n<p><strong>Viktigt:<\/strong><br>Vid inbetalning, ange:<\/p>\n\n\n\n<ul class=\"wp-block-list\">\n<li>Namn<\/li>\n\n\n\n<li>Adress<\/li>\n\n\n\n<li>Telefonnummer<\/li>\n\n\n\n<li>E-postadress<\/li>\n\n\n\n<li>Vilket \u00e5r medlemsavgiften avser<\/li>\n<\/ul>\n\n\n\n<p><\/p>\n\n\n\n<figure class=\"wp-block-image size-large\"><a href=\"https:\/\/skaparbyn.nu\/wp-content\/uploads\/2023\/09\/Hedesunda-hasten-1990-Birger-.jpg\"><img loading=\"lazy\" decoding=\"async\" width=\"1024\" height=\"833\" src=\"https:\/\/skaparbyn.nu\/wp-content\/uploads\/2023\/09\/Hedesunda-hasten-1990-Birger--1024x833.jpg\" alt=\"H\u00e4sten 1990 ritad av Birger\" class=\"wp-image-649\" srcset=\"https:\/\/skaparbyn.nu\/wp-content\/uploads\/2023\/09\/Hedesunda-hasten-1990-Birger--1024x833.jpg 1024w, https:\/\/skaparbyn.nu\/wp-content\/uploads\/2023\/09\/Hedesunda-hasten-1990-Birger--300x244.jpg 300w, https:\/\/skaparbyn.nu\/wp-content\/uploads\/2023\/09\/Hedesunda-hasten-1990-Birger--768x624.jpg 768w, https:\/\/skaparbyn.nu\/wp-content\/uploads\/2023\/09\/Hedesunda-hasten-1990-Birger--1536x1249.jpg 1536w, https:\/\/skaparbyn.nu\/wp-content\/uploads\/2023\/09\/Hedesunda-hasten-1990-Birger--600x488.jpg 600w, https:\/\/skaparbyn.nu\/wp-content\/uploads\/2023\/09\/Hedesunda-hasten-1990-Birger--945x768.jpg 945w, https:\/\/skaparbyn.nu\/wp-content\/uploads\/2023\/09\/Hedesunda-hasten-1990-Birger-.jpg 2048w\" sizes=\"auto, (max-width: 1024px) 100vw, 1024px\" \/><\/a><\/figure>\n\n\n\n<p>\ud83c\udfa8 Konstverk till salu<\/p>\n\n\n\n<p><strong>H\u00e4sten<\/strong><br>Ritad av Birger Forsberg, 1990<br><strong>Pris: 1 500 kr<\/strong><\/p>\n\n\n\n<p>Ett unikt konstverk med stark koppling till Skaparbyns historia och estetiska arv.<\/p>\n\n\n\n<p>\ud83d\udc8c Vykort<\/p>\n\n\n\n<p>Vi erbjuder ett stort urval av vykort med motiv fr\u00e5n Skaparbyn och dess historia.<\/p>\n\n\n\n<ul class=\"wp-block-list\">\n<li><strong>Liten:<\/strong> 15 kr\/st<\/li>\n\n\n\n<li><strong>Stor:<\/strong> 20 kr\/st<\/li>\n<\/ul>\n\n\n\n<p>Det finns m\u00e5nga motiv att v\u00e4lja mellan \u2013 tre hela hyllor fyllda med kort.<\/p>\n\n\n\n<p>\ud83d\udcda B\u00f6cker<\/p>\n\n\n\n<p>Utforska v\u00e5r litteratur kopplad till Skaparbyns historia och konstn\u00e4rliga arv.<\/p>\n\n\n\n<p><strong>\u201cFlickan i bl\u00e5 stolen\u201d \u2013 50 kr<\/strong><\/p>\n\n\n\n<p><strong>\u201cOm Skaparbyn\u201d \u2013 249 kr<\/strong><\/p>\n\n\n\n<figure class=\"wp-block-image size-large\"><a href=\"https:\/\/skaparbyn.nu\/wp-content\/uploads\/2023\/09\/Forsaljning.jpg\"><img loading=\"lazy\" decoding=\"async\" width=\"576\" height=\"1024\" src=\"https:\/\/skaparbyn.nu\/wp-content\/uploads\/2023\/09\/Forsaljning-576x1024.jpg\" alt=\"\" class=\"wp-image-684\" srcset=\"https:\/\/skaparbyn.nu\/wp-content\/uploads\/2023\/09\/Forsaljning-576x1024.jpg 576w, https:\/\/skaparbyn.nu\/wp-content\/uploads\/2023\/09\/Forsaljning-169x300.jpg 169w, https:\/\/skaparbyn.nu\/wp-content\/uploads\/2023\/09\/Forsaljning-768x1365.jpg 768w, https:\/\/skaparbyn.nu\/wp-content\/uploads\/2023\/09\/Forsaljning-864x1536.jpg 864w, https:\/\/skaparbyn.nu\/wp-content\/uploads\/2023\/09\/Forsaljning-600x1067.jpg 600w, https:\/\/skaparbyn.nu\/wp-content\/uploads\/2023\/09\/Forsaljning-945x1680.jpg 945w, https:\/\/skaparbyn.nu\/wp-content\/uploads\/2023\/09\/Forsaljning.jpg 1080w\" sizes=\"auto, (max-width: 576px) 100vw, 576px\" \/><\/a><\/figure>\n\n\n\n<p>This Augusta and August are <strong>for sale<\/strong> 625 kr. <\/p>\n\n\n\n<figure class=\"wp-block-gallery has-nested-images columns-default is-cropped wp-block-gallery-1 is-layout-flex wp-block-gallery-is-layout-flex\">\n<figure class=\"wp-block-image size-large\"><a href=\"https:\/\/skaparbyn.nu\/wp-content\/uploads\/2023\/10\/Hast-Augusta-scaled.jpg\"><img loading=\"lazy\" decoding=\"async\" width=\"768\" height=\"1024\" data-id=\"749\" src=\"https:\/\/skaparbyn.nu\/wp-content\/uploads\/2023\/10\/Hast-Augusta-768x1024.jpg\" alt=\"\" class=\"wp-image-749\" srcset=\"https:\/\/skaparbyn.nu\/wp-content\/uploads\/2023\/10\/Hast-Augusta-768x1024.jpg 768w, https:\/\/skaparbyn.nu\/wp-content\/uploads\/2023\/10\/Hast-Augusta-225x300.jpg 225w, https:\/\/skaparbyn.nu\/wp-content\/uploads\/2023\/10\/Hast-Augusta-1152x1536.jpg 1152w, https:\/\/skaparbyn.nu\/wp-content\/uploads\/2023\/10\/Hast-Augusta-1536x2048.jpg 1536w, https:\/\/skaparbyn.nu\/wp-content\/uploads\/2023\/10\/Hast-Augusta-600x800.jpg 600w, https:\/\/skaparbyn.nu\/wp-content\/uploads\/2023\/10\/Hast-Augusta-945x1260.jpg 945w, https:\/\/skaparbyn.nu\/wp-content\/uploads\/2023\/10\/Hast-Augusta-scaled.jpg 1920w\" sizes=\"auto, (max-width: 768px) 100vw, 768px\" \/><\/a><\/figure>\n\n\n\n<figure class=\"wp-block-image size-large\"><a href=\"https:\/\/skaparbyn.nu\/wp-content\/uploads\/2023\/10\/Hast-scaled.jpg\"><img loading=\"lazy\" decoding=\"async\" width=\"1024\" height=\"768\" data-id=\"750\" src=\"https:\/\/skaparbyn.nu\/wp-content\/uploads\/2023\/10\/Hast-1024x768.jpg\" alt=\"\" class=\"wp-image-750\" srcset=\"https:\/\/skaparbyn.nu\/wp-content\/uploads\/2023\/10\/Hast-1024x768.jpg 1024w, https:\/\/skaparbyn.nu\/wp-content\/uploads\/2023\/10\/Hast-300x225.jpg 300w, https:\/\/skaparbyn.nu\/wp-content\/uploads\/2023\/10\/Hast-768x576.jpg 768w, https:\/\/skaparbyn.nu\/wp-content\/uploads\/2023\/10\/Hast-1536x1152.jpg 1536w, https:\/\/skaparbyn.nu\/wp-content\/uploads\/2023\/10\/Hast-2048x1536.jpg 2048w, https:\/\/skaparbyn.nu\/wp-content\/uploads\/2023\/10\/Hast-600x450.jpg 600w, https:\/\/skaparbyn.nu\/wp-content\/uploads\/2023\/10\/Hast-945x709.jpg 945w\" sizes=\"auto, (max-width: 1024px) 100vw, 1024px\" \/><\/a><\/figure>\n<\/figure>\n\n\n\n<figure class=\"wp-block-image size-large\"><a href=\"https:\/\/skaparbyn.nu\/wp-content\/uploads\/2024\/01\/Hast-Augustina.jpg\"><img loading=\"lazy\" decoding=\"async\" width=\"1024\" height=\"768\" src=\"https:\/\/skaparbyn.nu\/wp-content\/uploads\/2024\/01\/Hast-Augustina-1024x768.jpg\" alt=\"\" class=\"wp-image-1064\" srcset=\"https:\/\/skaparbyn.nu\/wp-content\/uploads\/2024\/01\/Hast-Augustina-1024x768.jpg 1024w, https:\/\/skaparbyn.nu\/wp-content\/uploads\/2024\/01\/Hast-Augustina-300x225.jpg 300w, https:\/\/skaparbyn.nu\/wp-content\/uploads\/2024\/01\/Hast-Augustina-768x576.jpg 768w, https:\/\/skaparbyn.nu\/wp-content\/uploads\/2024\/01\/Hast-Augustina-1536x1152.jpg 1536w, https:\/\/skaparbyn.nu\/wp-content\/uploads\/2024\/01\/Hast-Augustina-600x450.jpg 600w, https:\/\/skaparbyn.nu\/wp-content\/uploads\/2024\/01\/Hast-Augustina-945x709.jpg 945w, https:\/\/skaparbyn.nu\/wp-content\/uploads\/2024\/01\/Hast-Augustina.jpg 2048w\" sizes=\"auto, (max-width: 1024px) 100vw, 1024px\" \/><\/a><\/figure>\n\n\n\n<figure class=\"wp-block-image size-large\"><a href=\"https:\/\/skaparbyn.nu\/wp-content\/uploads\/2023\/10\/Affisch-20-kr-.png\"><img loading=\"lazy\" decoding=\"async\" width=\"743\" height=\"1024\" src=\"https:\/\/skaparbyn.nu\/wp-content\/uploads\/2023\/10\/Affisch-20-kr--743x1024.png\" alt=\"Affisch 20 kr\" class=\"wp-image-766\" srcset=\"https:\/\/skaparbyn.nu\/wp-content\/uploads\/2023\/10\/Affisch-20-kr--743x1024.png 743w, https:\/\/skaparbyn.nu\/wp-content\/uploads\/2023\/10\/Affisch-20-kr--218x300.png 218w, https:\/\/skaparbyn.nu\/wp-content\/uploads\/2023\/10\/Affisch-20-kr--768x1058.png 768w, https:\/\/skaparbyn.nu\/wp-content\/uploads\/2023\/10\/Affisch-20-kr--1115x1536.png 1115w, https:\/\/skaparbyn.nu\/wp-content\/uploads\/2023\/10\/Affisch-20-kr--600x827.png 600w, https:\/\/skaparbyn.nu\/wp-content\/uploads\/2023\/10\/Affisch-20-kr--945x1302.png 945w, https:\/\/skaparbyn.nu\/wp-content\/uploads\/2023\/10\/Affisch-20-kr-.png 1486w\" sizes=\"auto, (max-width: 743px) 100vw, 743px\" \/><\/a><\/figure>\n\n\n\n<p>Poster 100 kr, 50*72 cm<\/p>\n\n\n\n<figure class=\"wp-block-image size-large\"><a href=\"https:\/\/skaparbyn.nu\/wp-content\/uploads\/2023\/10\/affisch-20kr-50-x-72-cm-.png\"><img loading=\"lazy\" decoding=\"async\" width=\"733\" height=\"1024\" src=\"https:\/\/skaparbyn.nu\/wp-content\/uploads\/2023\/10\/affisch-20kr-50-x-72-cm--733x1024.png\" alt=\"Affisch 20 kr 50*72 cm\" class=\"wp-image-768\" srcset=\"https:\/\/skaparbyn.nu\/wp-content\/uploads\/2023\/10\/affisch-20kr-50-x-72-cm--733x1024.png 733w, https:\/\/skaparbyn.nu\/wp-content\/uploads\/2023\/10\/affisch-20kr-50-x-72-cm--215x300.png 215w, https:\/\/skaparbyn.nu\/wp-content\/uploads\/2023\/10\/affisch-20kr-50-x-72-cm--768x1074.png 768w, https:\/\/skaparbyn.nu\/wp-content\/uploads\/2023\/10\/affisch-20kr-50-x-72-cm--1099x1536.png 1099w, https:\/\/skaparbyn.nu\/wp-content\/uploads\/2023\/10\/affisch-20kr-50-x-72-cm--600x839.png 600w, https:\/\/skaparbyn.nu\/wp-content\/uploads\/2023\/10\/affisch-20kr-50-x-72-cm--945x1321.png 945w, https:\/\/skaparbyn.nu\/wp-content\/uploads\/2023\/10\/affisch-20kr-50-x-72-cm-.png 1465w\" sizes=\"auto, (max-width: 733px) 100vw, 733px\" \/><\/a><\/figure>\n\n\n\n<p>Poster 100 kr, 50*72 cm<\/p>\n\n\n\n<figure class=\"wp-block-image size-large is-resized\"><a href=\"https:\/\/skaparbyn.nu\/wp-content\/uploads\/2023\/11\/t-shirt-scaled.jpg\"><img loading=\"lazy\" decoding=\"async\" width=\"768\" height=\"1024\" src=\"https:\/\/skaparbyn.nu\/wp-content\/uploads\/2023\/11\/t-shirt-768x1024.jpg\" alt=\"T-shirt 250 kr\" class=\"wp-image-780\" style=\"aspect-ratio:0.75;width:840px;height:auto\" srcset=\"https:\/\/skaparbyn.nu\/wp-content\/uploads\/2023\/11\/t-shirt-768x1024.jpg 768w, https:\/\/skaparbyn.nu\/wp-content\/uploads\/2023\/11\/t-shirt-225x300.jpg 225w, https:\/\/skaparbyn.nu\/wp-content\/uploads\/2023\/11\/t-shirt-1152x1536.jpg 1152w, https:\/\/skaparbyn.nu\/wp-content\/uploads\/2023\/11\/t-shirt-1536x2048.jpg 1536w, https:\/\/skaparbyn.nu\/wp-content\/uploads\/2023\/11\/t-shirt-600x800.jpg 600w, https:\/\/skaparbyn.nu\/wp-content\/uploads\/2023\/11\/t-shirt-945x1260.jpg 945w, https:\/\/skaparbyn.nu\/wp-content\/uploads\/2023\/11\/t-shirt-scaled.jpg 1920w\" sizes=\"auto, (max-width: 768px) 100vw, 768px\" \/><\/a><\/figure>\n\n\n\n<p>T-shirt 250 kr<\/p>\n\n\n\n<p><\/p>","protected":false},"excerpt":{"rendered":"<p>\ud83d\udc9b St\u00f6d Skaparbyn Vill du vara med och bidra till Skaparbyns fortsatta utveckling?Du kan enkelt st\u00f6dja v\u00e5r verksamhet genom Swish eller postgiro. Swish: 123 158 1685Postgiro: 22 94 66-8 \ud83c\udf3f Bli medlem i F\u00f6reningen Skaparbyn Som medlem st\u00f6djer du v\u00e5r&#8230; <a class=\"more-link\" href=\"https:\/\/skaparbyn.nu\/en\/stod-skaparbyn\/\">Continue Reading &rarr;<\/a><\/p>","protected":false},"author":1,"featured_media":0,"parent":0,"menu_order":5,"comment_status":"closed","ping_status":"closed","template":"","meta":{"footnotes":""},"class_list":["post-61","page","type-page","status-publish","hentry"],"_links":{"self":[{"href":"https:\/\/skaparbyn.nu\/en\/wp-json\/wp\/v2\/pages\/61","targetHints":{"allow":["GET"]}}],"collection":[{"href":"https:\/\/skaparbyn.nu\/en\/wp-json\/wp\/v2\/pages"}],"about":[{"href":"https:\/\/skaparbyn.nu\/en\/wp-json\/wp\/v2\/types\/page"}],"author":[{"embeddable":true,"href":"https:\/\/skaparbyn.nu\/en\/wp-json\/wp\/v2\/users\/1"}],"replies":[{"embeddable":true,"href":"https:\/\/skaparbyn.nu\/en\/wp-json\/wp\/v2\/comments?post=61"}],"version-history":[{"count":22,"href":"https:\/\/skaparbyn.nu\/en\/wp-json\/wp\/v2\/pages\/61\/revisions"}],"predecessor-version":[{"id":1355,"href":"https:\/\/skaparbyn.nu\/en\/wp-json\/wp\/v2\/pages\/61\/revisions\/1355"}],"wp:attachment":[{"href":"https:\/\/skaparbyn.nu\/en\/wp-json\/wp\/v2\/media?parent=61"}],"curies":[{"name":"wp","href":"https:\/\/api.w.org\/{rel}","templated":true}]}}