{"id":616,"date":"2023-09-21T07:04:52","date_gmt":"2023-09-21T07:04:52","guid":{"rendered":"https:\/\/skaparbyn.nu\/?page_id=616"},"modified":"2023-09-21T08:52:50","modified_gmt":"2023-09-21T08:52:50","slug":"konstnarsbilder","status":"publish","type":"page","link":"https:\/\/skaparbyn.nu\/en\/konstnarsbilder\/","title":{"rendered":"Artist's pictures"},"content":{"rendered":"<p class=\"has-larger-font-size\" style=\"font-style:italic;font-weight:400\">Birger<\/p>\n\n\n\n<figure class=\"wp-block-image size-large\"><a href=\"https:\/\/skaparbyn.nu\/wp-content\/uploads\/2023\/09\/Vallsta-B.-Forsberg-1947.jpg\"><img loading=\"lazy\" decoding=\"async\" width=\"1024\" height=\"741\" src=\"https:\/\/skaparbyn.nu\/wp-content\/uploads\/2023\/09\/Vallsta-B.-Forsberg-1947-1024x741.jpg\" alt=\"\" class=\"wp-image-672\" srcset=\"https:\/\/skaparbyn.nu\/wp-content\/uploads\/2023\/09\/Vallsta-B.-Forsberg-1947-1024x741.jpg 1024w, https:\/\/skaparbyn.nu\/wp-content\/uploads\/2023\/09\/Vallsta-B.-Forsberg-1947-300x217.jpg 300w, https:\/\/skaparbyn.nu\/wp-content\/uploads\/2023\/09\/Vallsta-B.-Forsberg-1947-768x556.jpg 768w, https:\/\/skaparbyn.nu\/wp-content\/uploads\/2023\/09\/Vallsta-B.-Forsberg-1947-1536x1112.jpg 1536w, https:\/\/skaparbyn.nu\/wp-content\/uploads\/2023\/09\/Vallsta-B.-Forsberg-1947-600x434.jpg 600w, https:\/\/skaparbyn.nu\/wp-content\/uploads\/2023\/09\/Vallsta-B.-Forsberg-1947-945x684.jpg 945w, https:\/\/skaparbyn.nu\/wp-content\/uploads\/2023\/09\/Vallsta-B.-Forsberg-1947.jpg 2048w\" sizes=\"auto, (max-width: 1024px) 100vw, 1024px\" \/><\/a><\/figure>\n\n\n\n<p>1947 Vallsta<\/p>\n\n\n\n<figure class=\"wp-block-image size-large\"><a href=\"https:\/\/skaparbyn.nu\/wp-content\/uploads\/2023\/09\/14-juli-1974-Birger.png\"><img loading=\"lazy\" decoding=\"async\" width=\"844\" height=\"1024\" src=\"https:\/\/skaparbyn.nu\/wp-content\/uploads\/2023\/09\/14-juli-1974-Birger-844x1024.png\" alt=\"\" class=\"wp-image-626\" srcset=\"https:\/\/skaparbyn.nu\/wp-content\/uploads\/2023\/09\/14-juli-1974-Birger-844x1024.png 844w, https:\/\/skaparbyn.nu\/wp-content\/uploads\/2023\/09\/14-juli-1974-Birger-247x300.png 247w, https:\/\/skaparbyn.nu\/wp-content\/uploads\/2023\/09\/14-juli-1974-Birger-768x932.png 768w, https:\/\/skaparbyn.nu\/wp-content\/uploads\/2023\/09\/14-juli-1974-Birger-1266x1536.png 1266w, https:\/\/skaparbyn.nu\/wp-content\/uploads\/2023\/09\/14-juli-1974-Birger-600x728.png 600w, https:\/\/skaparbyn.nu\/wp-content\/uploads\/2023\/09\/14-juli-1974-Birger-945x1147.png 945w, https:\/\/skaparbyn.nu\/wp-content\/uploads\/2023\/09\/14-juli-1974-Birger.png 1688w\" sizes=\"auto, (max-width: 844px) 100vw, 844px\" \/><\/a><\/figure>\n\n\n\n<p>14 juli 1974 Birger<\/p>\n\n\n\n<figure class=\"wp-block-image size-large\"><a href=\"https:\/\/skaparbyn.nu\/wp-content\/uploads\/2023\/09\/Gamla-Gavle-3-av-100-1957.jpg\"><img loading=\"lazy\" decoding=\"async\" width=\"1024\" height=\"701\" src=\"https:\/\/skaparbyn.nu\/wp-content\/uploads\/2023\/09\/Gamla-Gavle-3-av-100-1957-1024x701.jpg\" alt=\"\" class=\"wp-image-622\" srcset=\"https:\/\/skaparbyn.nu\/wp-content\/uploads\/2023\/09\/Gamla-Gavle-3-av-100-1957-1024x701.jpg 1024w, https:\/\/skaparbyn.nu\/wp-content\/uploads\/2023\/09\/Gamla-Gavle-3-av-100-1957-300x205.jpg 300w, https:\/\/skaparbyn.nu\/wp-content\/uploads\/2023\/09\/Gamla-Gavle-3-av-100-1957-768x525.jpg 768w, https:\/\/skaparbyn.nu\/wp-content\/uploads\/2023\/09\/Gamla-Gavle-3-av-100-1957-1536x1051.jpg 1536w, https:\/\/skaparbyn.nu\/wp-content\/uploads\/2023\/09\/Gamla-Gavle-3-av-100-1957-600x410.jpg 600w, https:\/\/skaparbyn.nu\/wp-content\/uploads\/2023\/09\/Gamla-Gavle-3-av-100-1957-945x646.jpg 945w, https:\/\/skaparbyn.nu\/wp-content\/uploads\/2023\/09\/Gamla-Gavle-3-av-100-1957.jpg 2048w\" sizes=\"auto, (max-width: 1024px) 100vw, 1024px\" \/><\/a><\/figure>\n\n\n\n<p>Gamla G\u00e4vle 3 av 100, 1957<\/p>\n\n\n\n<figure class=\"wp-block-image size-large is-resized\"><a href=\"https:\/\/skaparbyn.nu\/wp-content\/uploads\/2023\/09\/Hedesunda-hasten-1990-Birger-.jpg\"><img loading=\"lazy\" decoding=\"async\" src=\"https:\/\/skaparbyn.nu\/wp-content\/uploads\/2023\/09\/Hedesunda-hasten-1990-Birger--1024x833.jpg\" alt=\"\" class=\"wp-image-649\" style=\"width:840px;height:683px\" width=\"840\" height=\"683\" srcset=\"https:\/\/skaparbyn.nu\/wp-content\/uploads\/2023\/09\/Hedesunda-hasten-1990-Birger--1024x833.jpg 1024w, https:\/\/skaparbyn.nu\/wp-content\/uploads\/2023\/09\/Hedesunda-hasten-1990-Birger--300x244.jpg 300w, https:\/\/skaparbyn.nu\/wp-content\/uploads\/2023\/09\/Hedesunda-hasten-1990-Birger--768x624.jpg 768w, https:\/\/skaparbyn.nu\/wp-content\/uploads\/2023\/09\/Hedesunda-hasten-1990-Birger--1536x1249.jpg 1536w, https:\/\/skaparbyn.nu\/wp-content\/uploads\/2023\/09\/Hedesunda-hasten-1990-Birger--600x488.jpg 600w, https:\/\/skaparbyn.nu\/wp-content\/uploads\/2023\/09\/Hedesunda-hasten-1990-Birger--945x768.jpg 945w, https:\/\/skaparbyn.nu\/wp-content\/uploads\/2023\/09\/Hedesunda-hasten-1990-Birger-.jpg 2048w\" sizes=\"auto, (max-width: 840px) 100vw, 840px\" \/><\/a><\/figure>\n\n\n\n<p>1990 Hedesunda h\u00e4sten, finns \u00e4ven till f\u00f6rs\u00e4ljning<\/p>\n\n\n\n<figure class=\"wp-block-image size-large\"><a href=\"https:\/\/skaparbyn.nu\/wp-content\/uploads\/2023\/09\/sjukhuset-av-Birger-1957.jpg\"><img loading=\"lazy\" decoding=\"async\" width=\"1024\" height=\"815\" src=\"https:\/\/skaparbyn.nu\/wp-content\/uploads\/2023\/09\/sjukhuset-av-Birger-1957-1024x815.jpg\" alt=\"\" class=\"wp-image-657\" srcset=\"https:\/\/skaparbyn.nu\/wp-content\/uploads\/2023\/09\/sjukhuset-av-Birger-1957-1024x815.jpg 1024w, https:\/\/skaparbyn.nu\/wp-content\/uploads\/2023\/09\/sjukhuset-av-Birger-1957-300x239.jpg 300w, https:\/\/skaparbyn.nu\/wp-content\/uploads\/2023\/09\/sjukhuset-av-Birger-1957-768x611.jpg 768w, https:\/\/skaparbyn.nu\/wp-content\/uploads\/2023\/09\/sjukhuset-av-Birger-1957-1536x1222.jpg 1536w, https:\/\/skaparbyn.nu\/wp-content\/uploads\/2023\/09\/sjukhuset-av-Birger-1957-600x477.jpg 600w, https:\/\/skaparbyn.nu\/wp-content\/uploads\/2023\/09\/sjukhuset-av-Birger-1957-945x752.jpg 945w, https:\/\/skaparbyn.nu\/wp-content\/uploads\/2023\/09\/sjukhuset-av-Birger-1957.jpg 2048w\" sizes=\"auto, (max-width: 1024px) 100vw, 1024px\" \/><\/a><\/figure>\n\n\n\n<p>1957 Sjukhuset<\/p>\n\n\n\n<figure class=\"wp-block-image size-large\"><a href=\"https:\/\/skaparbyn.nu\/wp-content\/uploads\/2023\/09\/Hast-hjarta-2001.jpg\"><img loading=\"lazy\" decoding=\"async\" width=\"1024\" height=\"721\" src=\"https:\/\/skaparbyn.nu\/wp-content\/uploads\/2023\/09\/Hast-hjarta-2001-1024x721.jpg\" alt=\"\" class=\"wp-image-651\" srcset=\"https:\/\/skaparbyn.nu\/wp-content\/uploads\/2023\/09\/Hast-hjarta-2001-1024x721.jpg 1024w, https:\/\/skaparbyn.nu\/wp-content\/uploads\/2023\/09\/Hast-hjarta-2001-300x211.jpg 300w, https:\/\/skaparbyn.nu\/wp-content\/uploads\/2023\/09\/Hast-hjarta-2001-768x541.jpg 768w, https:\/\/skaparbyn.nu\/wp-content\/uploads\/2023\/09\/Hast-hjarta-2001-1536x1082.jpg 1536w, https:\/\/skaparbyn.nu\/wp-content\/uploads\/2023\/09\/Hast-hjarta-2001-600x422.jpg 600w, https:\/\/skaparbyn.nu\/wp-content\/uploads\/2023\/09\/Hast-hjarta-2001-945x665.jpg 945w, https:\/\/skaparbyn.nu\/wp-content\/uploads\/2023\/09\/Hast-hjarta-2001.jpg 2048w\" sizes=\"auto, (max-width: 1024px) 100vw, 1024px\" \/><\/a><\/figure>\n\n\n\n<p>2001 Birger<\/p>\n\n\n\n<figure class=\"wp-block-image size-large\"><a href=\"https:\/\/skaparbyn.nu\/wp-content\/uploads\/2023\/09\/Stolen.jpg\"><img loading=\"lazy\" decoding=\"async\" width=\"723\" height=\"1024\" src=\"https:\/\/skaparbyn.nu\/wp-content\/uploads\/2023\/09\/Stolen-723x1024.jpg\" alt=\"\" class=\"wp-image-666\" srcset=\"https:\/\/skaparbyn.nu\/wp-content\/uploads\/2023\/09\/Stolen-723x1024.jpg 723w, https:\/\/skaparbyn.nu\/wp-content\/uploads\/2023\/09\/Stolen-212x300.jpg 212w, https:\/\/skaparbyn.nu\/wp-content\/uploads\/2023\/09\/Stolen-768x1088.jpg 768w, https:\/\/skaparbyn.nu\/wp-content\/uploads\/2023\/09\/Stolen-1084x1536.jpg 1084w, https:\/\/skaparbyn.nu\/wp-content\/uploads\/2023\/09\/Stolen-600x850.jpg 600w, https:\/\/skaparbyn.nu\/wp-content\/uploads\/2023\/09\/Stolen-945x1339.jpg 945w, https:\/\/skaparbyn.nu\/wp-content\/uploads\/2023\/09\/Stolen.jpg 1445w\" sizes=\"auto, (max-width: 723px) 100vw, 723px\" \/><\/a><\/figure>\n\n\n\n<p class=\"has-larger-font-size\" style=\"font-style:italic;font-weight:400\">Konstn\u00e4rer p\u00e5 bes\u00f6k<\/p>\n\n\n\n<figure class=\"wp-block-image size-large\"><a href=\"https:\/\/skaparbyn.nu\/wp-content\/uploads\/2023\/09\/Gava-till-Erika-och-Birget-fran-Olle.-N-mars-01.jpg\"><img loading=\"lazy\" decoding=\"async\" width=\"1024\" height=\"717\" src=\"https:\/\/skaparbyn.nu\/wp-content\/uploads\/2023\/09\/Gava-till-Erika-och-Birget-fran-Olle.-N-mars-01-1024x717.jpg\" alt=\"\" class=\"wp-image-642\" srcset=\"https:\/\/skaparbyn.nu\/wp-content\/uploads\/2023\/09\/Gava-till-Erika-och-Birget-fran-Olle.-N-mars-01-1024x717.jpg 1024w, https:\/\/skaparbyn.nu\/wp-content\/uploads\/2023\/09\/Gava-till-Erika-och-Birget-fran-Olle.-N-mars-01-300x210.jpg 300w, https:\/\/skaparbyn.nu\/wp-content\/uploads\/2023\/09\/Gava-till-Erika-och-Birget-fran-Olle.-N-mars-01-768x537.jpg 768w, https:\/\/skaparbyn.nu\/wp-content\/uploads\/2023\/09\/Gava-till-Erika-och-Birget-fran-Olle.-N-mars-01-1536x1075.jpg 1536w, https:\/\/skaparbyn.nu\/wp-content\/uploads\/2023\/09\/Gava-till-Erika-och-Birget-fran-Olle.-N-mars-01-600x420.jpg 600w, https:\/\/skaparbyn.nu\/wp-content\/uploads\/2023\/09\/Gava-till-Erika-och-Birget-fran-Olle.-N-mars-01-945x661.jpg 945w, https:\/\/skaparbyn.nu\/wp-content\/uploads\/2023\/09\/Gava-till-Erika-och-Birget-fran-Olle.-N-mars-01.jpg 2048w\" sizes=\"auto, (max-width: 1024px) 100vw, 1024px\" \/><\/a><\/figure>\n\n\n\n<p>G\u00e5va till Erika och Birget fr\u00e5n Olle. N mars -01<\/p>\n\n\n\n<figure class=\"wp-block-image size-large\"><a href=\"https:\/\/skaparbyn.nu\/wp-content\/uploads\/2023\/09\/Eldsjalen-Av-Bodil-2007.jpg\"><img loading=\"lazy\" decoding=\"async\" width=\"704\" height=\"1024\" src=\"https:\/\/skaparbyn.nu\/wp-content\/uploads\/2023\/09\/Eldsjalen-Av-Bodil-2007-704x1024.jpg\" alt=\"Eldsj\u00e4len av konstn\u00e4ren Bodil Lennartsson, 2007\" class=\"wp-image-617\" srcset=\"https:\/\/skaparbyn.nu\/wp-content\/uploads\/2023\/09\/Eldsjalen-Av-Bodil-2007-704x1024.jpg 704w, https:\/\/skaparbyn.nu\/wp-content\/uploads\/2023\/09\/Eldsjalen-Av-Bodil-2007-206x300.jpg 206w, https:\/\/skaparbyn.nu\/wp-content\/uploads\/2023\/09\/Eldsjalen-Av-Bodil-2007-768x1117.jpg 768w, https:\/\/skaparbyn.nu\/wp-content\/uploads\/2023\/09\/Eldsjalen-Av-Bodil-2007-1056x1536.jpg 1056w, https:\/\/skaparbyn.nu\/wp-content\/uploads\/2023\/09\/Eldsjalen-Av-Bodil-2007-600x873.jpg 600w, https:\/\/skaparbyn.nu\/wp-content\/uploads\/2023\/09\/Eldsjalen-Av-Bodil-2007-945x1375.jpg 945w, https:\/\/skaparbyn.nu\/wp-content\/uploads\/2023\/09\/Eldsjalen-Av-Bodil-2007.jpg 1408w\" sizes=\"auto, (max-width: 704px) 100vw, 704px\" \/><\/a><\/figure>\n\n\n\n<p>Eldsj\u00e4len av konstn\u00e4ren Bodil Lennartsson, 2007<\/p>","protected":false},"excerpt":{"rendered":"<p>Birger 1947 Vallsta 14 juli 1974 Birger Gamla G\u00e4vle 3 av 100, 1957 1990 Hedesunda h\u00e4sten, finns \u00e4ven till f\u00f6rs\u00e4ljning 1957 Sjukhuset 2001 Birger Konstn\u00e4rer p\u00e5 bes\u00f6k G\u00e5va till Erika och Birget fr\u00e5n Olle. N mars -01 Eldsj\u00e4len av konstn\u00e4ren&#8230; <a class=\"more-link\" href=\"https:\/\/skaparbyn.nu\/en\/konstnarsbilder\/\">Continue Reading &rarr;<\/a><\/p>","protected":false},"author":1,"featured_media":0,"parent":0,"menu_order":0,"comment_status":"closed","ping_status":"closed","template":"","meta":{"footnotes":""},"class_list":["post-616","page","type-page","status-publish","hentry"],"_links":{"self":[{"href":"https:\/\/skaparbyn.nu\/en\/wp-json\/wp\/v2\/pages\/616","targetHints":{"allow":["GET"]}}],"collection":[{"href":"https:\/\/skaparbyn.nu\/en\/wp-json\/wp\/v2\/pages"}],"about":[{"href":"https:\/\/skaparbyn.nu\/en\/wp-json\/wp\/v2\/types\/page"}],"author":[{"embeddable":true,"href":"https:\/\/skaparbyn.nu\/en\/wp-json\/wp\/v2\/users\/1"}],"replies":[{"embeddable":true,"href":"https:\/\/skaparbyn.nu\/en\/wp-json\/wp\/v2\/comments?post=616"}],"version-history":[{"count":11,"href":"https:\/\/skaparbyn.nu\/en\/wp-json\/wp\/v2\/pages\/616\/revisions"}],"predecessor-version":[{"id":673,"href":"https:\/\/skaparbyn.nu\/en\/wp-json\/wp\/v2\/pages\/616\/revisions\/673"}],"wp:attachment":[{"href":"https:\/\/skaparbyn.nu\/en\/wp-json\/wp\/v2\/media?parent=616"}],"curies":[{"name":"wp","href":"https:\/\/api.w.org\/{rel}","templated":true}]}}