{"id":72,"date":"2020-01-16T14:55:18","date_gmt":"2020-01-16T14:55:18","guid":{"rendered":"http:\/\/skaparbyn.nu\/?page_id=72"},"modified":"2026-01-31T10:57:10","modified_gmt":"2026-01-31T10:57:10","slug":"stiftelsen","status":"publish","type":"page","link":"https:\/\/skaparbyn.nu\/en\/stiftelsen\/","title":{"rendered":"The Foundation"},"content":{"rendered":"<h2 class=\"wp-block-heading\">\ud83c\udf3f Skaparbyn \u2013 En plats d\u00e4r kreativitet och tradition m\u00f6ts<\/h2>\n\n\n\n<p>Skaparbyn drivs av <strong>Stiftelsen Hedesundav\u00e4varna<\/strong> och ligger p\u00e5 den stilla och natursk\u00f6na \u00f6n \u00d6n i Dal\u00e4lven, strax utanf\u00f6r Hedesunda i s\u00f6dra G\u00e4strikland. H\u00e4r har generationer av barn och unga f\u00e5tt m\u00f6jlighet att uppt\u00e4cka sin kreativa f\u00f6rm\u00e5ga genom konstn\u00e4rliga uttryck, naturupplevelser och ett pedagogiskt arbetss\u00e4tt som bygger p\u00e5 nyfikenhet, lust och skapargl\u00e4dje.<\/p>\n\n\n\n<p>V\u00e5r verksamhet vilar p\u00e5 ett kulturhistoriskt arv \u2013 men \u00e4r samtidigt levande, relevant och st\u00e4ndigt i utveckling. N\u00e4r vi inte bedriver egna kurser och l\u00e4ger \u00f6ppnar vi Skaparbyn f\u00f6r <strong>f\u00f6retag, institutioner, f\u00f6reningar och privatpersoner<\/strong> som s\u00f6ker en unik milj\u00f6 f\u00f6r m\u00f6ten, utbildningar, retreatliknande vistelser och evenemang i en milj\u00f6 pr\u00e4glad av lugn, tradition och kreativ energi.<\/p>\n\n\n\n<hr class=\"wp-block-separator has-alpha-channel-opacity\"\/>\n\n\n\n<h2 class=\"wp-block-heading\">\ud83d\udcdc Stiftelsens \u00e4ndam\u00e5l<\/h2>\n\n\n\n<blockquote class=\"wp-block-quote is-layout-flow wp-block-quote-is-layout-flow\">\n<p>\u201dStiftelsens \u00e4ndam\u00e5l, som \u00e4r ideellt och inte avser att gynna enskild person, \u00e4r att fr\u00e4mja barns och ungdomars f\u00f6rm\u00e5ga att v\u00e4va och v\u00e4xtf\u00e4rga eller skapa i andra former \u2013 s\u00e5som bildkonst, teater, musik eller litteratur \u2013 i syfte att stimulera och utveckla den skaparf\u00f6rm\u00e5ga som barn och ungdomar besitter.\u201d<\/p>\n<\/blockquote>\n\n\n\n<p>Detta uppdrag genomsyrar allt vi g\u00f6r \u2013 b\u00e5de i v\u00e5r egen verksamhet och n\u00e4r vi v\u00e4lkomnar bes\u00f6kare som vill hyra anl\u00e4ggningen f\u00f6r sina egna kreativa eller sociala sammanhang.<\/p>\n\n\n\n<hr class=\"wp-block-separator has-alpha-channel-opacity\"\/>\n\n\n\n<h2 class=\"wp-block-heading\">\ud83e\uddd1\u200d\ud83d\udcbc Styrelse<\/h2>\n\n\n\n<p>Skaparbyn f\u00f6rvaltas och utvecklas av stiftelsens styrelse:<\/p>\n\n\n\n<h3 class=\"wp-block-heading\"><strong>The President<\/strong><\/h3>\n\n\n\n<p><strong>Christian Orrling<\/strong><br>\ud83d\udcde 073-501 99 77<br>\ud83d\udce7 <a>christian@skaparbyn.nu<\/a><\/p>\n\n\n\n<h3 class=\"wp-block-heading\"><strong>Treasurer<\/strong><\/h3>\n\n\n\n<p><strong>Jeff Elliott<\/strong><br>\ud83d\udcde 070-318 70 58<br>\ud83d\udce7 <a>drjeff.elliott11@gmail.com<\/a><\/p>\n\n\n\n<h3 class=\"wp-block-heading\"><strong>Members of Parliament<\/strong><\/h3>\n\n\n\n<p><strong>Viktoria Lennerstr\u00f6m<\/strong><br>\ud83d\udcde 070-461 63 50<br>\ud83d\udce7 <a>viktoriasolem@hotmail.com<\/a><\/p>\n\n\n\n<p><strong>Jimmy Walld\u00e9n<\/strong><br>\ud83d\udce7 <a>jimmy_wallden@hotmail.com<\/a><\/p>\n\n\n\n<p><strong>Filip Martinelle Sandberg<\/strong><br>\ud83d\udcde 070-650 16 20<br>\ud83d\udce7 <a>filip_ms@hotmail.com<\/a><\/p>\n\n\n\n<p><strong>Kristin Eidhagen<\/strong><br>\ud83d\udcde 073-987 66 46<br>\ud83d\udce7 <a>eidhagen77@gmail.com<\/a><\/p>\n\n\n\n<p><\/p>\n\n\n\n<p><\/p>","protected":false},"excerpt":{"rendered":"<p>\ud83c\udf3f Skaparbyn \u2013 En plats d\u00e4r kreativitet och tradition m\u00f6ts Skaparbyn drivs av Stiftelsen Hedesundav\u00e4varna och ligger p\u00e5 den stilla och natursk\u00f6na \u00f6n \u00d6n i Dal\u00e4lven, strax utanf\u00f6r Hedesunda i s\u00f6dra G\u00e4strikland. H\u00e4r har generationer av barn och unga f\u00e5tt&#8230; <a class=\"more-link\" href=\"https:\/\/skaparbyn.nu\/en\/stiftelsen\/\">Continue Reading &rarr;<\/a><\/p>","protected":false},"author":1,"featured_media":0,"parent":0,"menu_order":1,"comment_status":"closed","ping_status":"closed","template":"","meta":{"footnotes":""},"class_list":["post-72","page","type-page","status-publish","hentry"],"_links":{"self":[{"href":"https:\/\/skaparbyn.nu\/en\/wp-json\/wp\/v2\/pages\/72","targetHints":{"allow":["GET"]}}],"collection":[{"href":"https:\/\/skaparbyn.nu\/en\/wp-json\/wp\/v2\/pages"}],"about":[{"href":"https:\/\/skaparbyn.nu\/en\/wp-json\/wp\/v2\/types\/page"}],"author":[{"embeddable":true,"href":"https:\/\/skaparbyn.nu\/en\/wp-json\/wp\/v2\/users\/1"}],"replies":[{"embeddable":true,"href":"https:\/\/skaparbyn.nu\/en\/wp-json\/wp\/v2\/comments?post=72"}],"version-history":[{"count":27,"href":"https:\/\/skaparbyn.nu\/en\/wp-json\/wp\/v2\/pages\/72\/revisions"}],"predecessor-version":[{"id":1342,"href":"https:\/\/skaparbyn.nu\/en\/wp-json\/wp\/v2\/pages\/72\/revisions\/1342"}],"wp:attachment":[{"href":"https:\/\/skaparbyn.nu\/en\/wp-json\/wp\/v2\/media?parent=72"}],"curies":[{"name":"wp","href":"https:\/\/api.w.org\/{rel}","templated":true}]}}